{"id":32716,"date":"2026-03-25T15:23:28","date_gmt":"2026-03-25T14:23:28","guid":{"rendered":"https:\/\/www.cleanculinair.nl\/product\/mop-wagen-rood-25l\/"},"modified":"2026-04-13T07:36:13","modified_gmt":"2026-04-13T05:36:13","slug":"mop-wagen-rood-25l","status":"publish","type":"product","link":"https:\/\/www.cleanculinair.nl\/en\/product\/mop-wagen-rood-25l\/","title":{"rendered":"Mop wagen Rood 25L"},"content":{"rendered":"<p>Mopwagen Rood 25L met Pers en 3\u00d76L Emmers<\/p>\n<p>Wil je vloeren effici\u00ebnt en hygi\u00ebnisch reinigen?<\/p>\n<p>Deze praktische mopwagen met pers is ideaal voor professioneel schoonmaakwerk. Dankzij de combinatie van een grote vuilwatertank en meerdere schoonwateremmers kun je verschillende schoonmaakoplossingen gescheiden houden. Perfect voor gebruik in kantoren, scholen, zorginstellingen en andere professionele omgevingen.<\/p>\n<p>Waarom deze mopwagen een praktische keuze is:<\/p>\n<p>Gescheiden schoon- en vuilwater:<\/p>\n<p>De mopwagen beschikt over een grote 25 liter vuilwatertank en drie aparte schoonwateremmers van 6 liter, waardoor je hygi\u00ebnischer kunt werken.<br \/>\nHandige wringpers:<\/p>\n<p>De stevige pers maakt het eenvoudig om de mop effici\u00ebnt uit te wringen zonder veel kracht te gebruiken.<br \/>\nIdeaal voor professioneel gebruik:<\/p>\n<p>Door de meerdere emmers kun je verschillende schoonmaakmiddelen of zones gescheiden houden, wat ideaal is voor professionele schoonmaakmethodes.<br \/>\nStevig en duurzaam ontwerp:<\/p>\n<p>De mopwagen is gemaakt van robuuste materialen die geschikt zijn voor intensief dagelijks gebruik.<\/p>\n<p>Eenvoudig te verplaatsen:<br \/>\nDankzij de soepele wielen kun je de mopwagen gemakkelijk verplaatsen tijdens het schoonmaken.<\/p>\n<p>Technische specificaties:<br \/>\nVuilwatertank: 25 liter<br \/>\nSchoonwateremmers: 3 \u00d7 6 liter<br \/>\nKleur emmers: 2 \u00d7 rood, 1 \u00d7 geel<br \/>\nKleur wagen: Rood<br \/>\nType: Mopwagen met wringpers<br \/>\nToepassing: Geschikt voor professioneel vloeronderhoud<br \/>\nWerk hygi\u00ebnischer en effici\u00ebnter met deze complete mopwagen met pers en meerdere emmers \u2013 een praktische oplossing voor professioneel schoonmaakwerk.<\/p>\n<p>BESTEL REINN 11 + 13 + 15 VOOR EEN VOLLEDIGE SET !!! (steel + klem + mop)<br \/>\nKOPIEER EN PLAK IN DE ZOEKBALK ACHTEREENVOLGENS IEDER APART: REINN11 REINN13 REINN15<\/p>","protected":false},"excerpt":{"rendered":"<p>Mopwagen Rood 25L met Pers en 3\u00d76L Emmers Wil je vloeren effici\u00ebnt en hygi\u00ebnisch reinigen? Deze praktische mopwagen met pers<\/p>","protected":false},"featured_media":32720,"comment_status":"closed","ping_status":"closed","template":"","meta":{"googlesitekit_rrm_CAowh7C7DA:productID":"","jetpack_post_was_ever_published":false,"_glsr_average":0,"_glsr_ranking":0,"_glsr_reviews":0,"jetpack_publicize_message":"","jetpack_publicize_feature_enabled":true,"jetpack_social_post_already_shared":true,"jetpack_social_options":{"image_generator_settings":{"template":"highway","default_image_id":0,"font":"","enabled":false},"version":2}},"product_brand":[],"product_cat":[20494],"product_tag":[],"class_list":{"0":"post-32716","1":"product","2":"type-product","3":"status-publish","4":"has-post-thumbnail","6":"product_cat-moppen-dweilen-complete-systemen-emmers-vuilnisemmers-moppen-keuken-huishoudelijk-matriaal","8":"first","9":"instock","10":"taxable","11":"shipping-taxable","12":"purchasable","13":"product-type-simple"},"group_of_quantity":0,"min_quantity":0,"max_quantity":"","exclude_order_quantity_value_rules":"no","exclude_category_quantity_rules":"no","combine_variations":"no","exclude_global_add_ons":[],"addons":[],"yoast_head":"<!-- This site is optimized with the Yoast SEO plugin v27.3 - https:\/\/yoast.com\/product\/yoast-seo-wordpress\/ -->\n<title>Mop wagen Rood 25L - CleanCulinair<\/title>\n<meta name=\"robots\" content=\"index, follow, max-snippet:-1, max-image-preview:large, max-video-preview:-1\" \/>\n<link rel=\"canonical\" href=\"https:\/\/www.cleanculinair.nl\/en\/product\/mop-wagen-rood-25l\/\" \/>\n<meta property=\"og:locale\" content=\"en_US\" \/>\n<meta property=\"og:type\" content=\"article\" \/>\n<meta property=\"og:title\" content=\"Mop wagen Rood 25L - CleanCulinair\" \/>\n<meta property=\"og:description\" content=\"Mopwagen Rood 25L met Pers en 3\u00d76L Emmers Wil je vloeren effici\u00ebnt en hygi\u00ebnisch reinigen? Deze praktische mopwagen met pers\" \/>\n<meta property=\"og:url\" content=\"https:\/\/www.cleanculinair.nl\/en\/product\/mop-wagen-rood-25l\/\" \/>\n<meta property=\"og:site_name\" content=\"CleanCulinair\" \/>\n<meta property=\"article:modified_time\" content=\"2026-04-13T05:36:13+00:00\" \/>\n<meta property=\"og:image\" content=\"https:\/\/www.cleanculinair.nl\/wp-content\/uploads\/2026\/03\/69c3efe10ce61.png\" \/>\n\t<meta property=\"og:image:width\" content=\"800\" \/>\n\t<meta property=\"og:image:height\" content=\"800\" \/>\n\t<meta property=\"og:image:type\" content=\"image\/png\" \/>\n<meta name=\"twitter:card\" content=\"summary_large_image\" \/>\n<meta name=\"twitter:label1\" content=\"Est. reading time\" \/>\n\t<meta name=\"twitter:data1\" content=\"2 minutes\" \/>\n<script type=\"application\/ld+json\" class=\"yoast-schema-graph\">{\"@context\":\"https:\\\/\\\/schema.org\",\"@graph\":[{\"@type\":\"WebPage\",\"@id\":\"https:\\\/\\\/www.cleanculinair.nl\\\/product\\\/mop-wagen-rood-25l\\\/\",\"url\":\"https:\\\/\\\/www.cleanculinair.nl\\\/product\\\/mop-wagen-rood-25l\\\/\",\"name\":\"Mop wagen Rood 25L - CleanCulinair\",\"isPartOf\":{\"@id\":\"https:\\\/\\\/www.cleanculinair.nl\\\/#website\"},\"primaryImageOfPage\":{\"@id\":\"https:\\\/\\\/www.cleanculinair.nl\\\/product\\\/mop-wagen-rood-25l\\\/#primaryimage\"},\"image\":{\"@id\":\"https:\\\/\\\/www.cleanculinair.nl\\\/product\\\/mop-wagen-rood-25l\\\/#primaryimage\"},\"thumbnailUrl\":\"https:\\\/\\\/www.cleanculinair.nl\\\/wp-content\\\/uploads\\\/2026\\\/03\\\/69c3efe10ce61.png\",\"datePublished\":\"2026-03-25T14:23:28+00:00\",\"dateModified\":\"2026-04-13T05:36:13+00:00\",\"breadcrumb\":{\"@id\":\"https:\\\/\\\/www.cleanculinair.nl\\\/product\\\/mop-wagen-rood-25l\\\/#breadcrumb\"},\"inLanguage\":\"en-US\",\"potentialAction\":[{\"@type\":\"ReadAction\",\"target\":[\"https:\\\/\\\/www.cleanculinair.nl\\\/product\\\/mop-wagen-rood-25l\\\/\"]}]},{\"@type\":\"ImageObject\",\"inLanguage\":\"en-US\",\"@id\":\"https:\\\/\\\/www.cleanculinair.nl\\\/product\\\/mop-wagen-rood-25l\\\/#primaryimage\",\"url\":\"https:\\\/\\\/www.cleanculinair.nl\\\/wp-content\\\/uploads\\\/2026\\\/03\\\/69c3efe10ce61.png\",\"contentUrl\":\"https:\\\/\\\/www.cleanculinair.nl\\\/wp-content\\\/uploads\\\/2026\\\/03\\\/69c3efe10ce61.png\",\"width\":800,\"height\":800},{\"@type\":\"BreadcrumbList\",\"@id\":\"https:\\\/\\\/www.cleanculinair.nl\\\/product\\\/mop-wagen-rood-25l\\\/#breadcrumb\",\"itemListElement\":[{\"@type\":\"ListItem\",\"position\":1,\"name\":\"Home\",\"item\":\"https:\\\/\\\/www.cleanculinair.nl\\\/\"},{\"@type\":\"ListItem\",\"position\":2,\"name\":\"Producten\",\"item\":\"https:\\\/\\\/www.cleanculinair.nl\\\/shop\\\/\"},{\"@type\":\"ListItem\",\"position\":3,\"name\":\"Mop wagen Rood 25L\"}]},{\"@type\":\"WebSite\",\"@id\":\"https:\\\/\\\/www.cleanculinair.nl\\\/#website\",\"url\":\"https:\\\/\\\/www.cleanculinair.nl\\\/\",\"name\":\"CleanCulinair\",\"description\":\"\",\"publisher\":{\"@id\":\"https:\\\/\\\/www.cleanculinair.nl\\\/#organization\"},\"potentialAction\":[{\"@type\":\"SearchAction\",\"target\":{\"@type\":\"EntryPoint\",\"urlTemplate\":\"https:\\\/\\\/www.cleanculinair.nl\\\/?s={search_term_string}\"},\"query-input\":{\"@type\":\"PropertyValueSpecification\",\"valueRequired\":true,\"valueName\":\"search_term_string\"}}],\"inLanguage\":\"en-US\"},{\"@type\":\"Organization\",\"@id\":\"https:\\\/\\\/www.cleanculinair.nl\\\/#organization\",\"name\":\"CleanCulinair\",\"url\":\"https:\\\/\\\/www.cleanculinair.nl\\\/\",\"logo\":{\"@type\":\"ImageObject\",\"inLanguage\":\"en-US\",\"@id\":\"https:\\\/\\\/www.cleanculinair.nl\\\/#\\\/schema\\\/logo\\\/image\\\/\",\"url\":\"https:\\\/\\\/www.cleanculinair.nl\\\/wp-content\\\/uploads\\\/2025\\\/08\\\/cropped-ChatGPT-Image-25-aug-2025-11_28_10.png\",\"contentUrl\":\"https:\\\/\\\/www.cleanculinair.nl\\\/wp-content\\\/uploads\\\/2025\\\/08\\\/cropped-ChatGPT-Image-25-aug-2025-11_28_10.png\",\"width\":512,\"height\":512,\"caption\":\"CleanCulinair\"},\"image\":{\"@id\":\"https:\\\/\\\/www.cleanculinair.nl\\\/#\\\/schema\\\/logo\\\/image\\\/\"}}]}<\/script>\n<!-- \/ Yoast SEO plugin. -->","yoast_head_json":{"title":"Mop wagen Rood 25L - CleanCulinair","robots":{"index":"index","follow":"follow","max-snippet":"max-snippet:-1","max-image-preview":"max-image-preview:large","max-video-preview":"max-video-preview:-1"},"canonical":"https:\/\/www.cleanculinair.nl\/en\/product\/mop-wagen-rood-25l\/","og_locale":"en_US","og_type":"article","og_title":"Mop wagen Rood 25L - CleanCulinair","og_description":"Mopwagen Rood 25L met Pers en 3\u00d76L Emmers Wil je vloeren effici\u00ebnt en hygi\u00ebnisch reinigen? Deze praktische mopwagen met pers","og_url":"https:\/\/www.cleanculinair.nl\/en\/product\/mop-wagen-rood-25l\/","og_site_name":"CleanCulinair","article_modified_time":"2026-04-13T05:36:13+00:00","og_image":[{"width":800,"height":800,"url":"https:\/\/www.cleanculinair.nl\/wp-content\/uploads\/2026\/03\/69c3efe10ce61.png","type":"image\/png"}],"twitter_card":"summary_large_image","twitter_misc":{"Est. reading time":"2 minutes"},"schema":{"@context":"https:\/\/schema.org","@graph":[{"@type":"WebPage","@id":"https:\/\/www.cleanculinair.nl\/product\/mop-wagen-rood-25l\/","url":"https:\/\/www.cleanculinair.nl\/product\/mop-wagen-rood-25l\/","name":"Mop wagen Rood 25L - CleanCulinair","isPartOf":{"@id":"https:\/\/www.cleanculinair.nl\/#website"},"primaryImageOfPage":{"@id":"https:\/\/www.cleanculinair.nl\/product\/mop-wagen-rood-25l\/#primaryimage"},"image":{"@id":"https:\/\/www.cleanculinair.nl\/product\/mop-wagen-rood-25l\/#primaryimage"},"thumbnailUrl":"https:\/\/www.cleanculinair.nl\/wp-content\/uploads\/2026\/03\/69c3efe10ce61.png","datePublished":"2026-03-25T14:23:28+00:00","dateModified":"2026-04-13T05:36:13+00:00","breadcrumb":{"@id":"https:\/\/www.cleanculinair.nl\/product\/mop-wagen-rood-25l\/#breadcrumb"},"inLanguage":"en-US","potentialAction":[{"@type":"ReadAction","target":["https:\/\/www.cleanculinair.nl\/product\/mop-wagen-rood-25l\/"]}]},{"@type":"ImageObject","inLanguage":"en-US","@id":"https:\/\/www.cleanculinair.nl\/product\/mop-wagen-rood-25l\/#primaryimage","url":"https:\/\/www.cleanculinair.nl\/wp-content\/uploads\/2026\/03\/69c3efe10ce61.png","contentUrl":"https:\/\/www.cleanculinair.nl\/wp-content\/uploads\/2026\/03\/69c3efe10ce61.png","width":800,"height":800},{"@type":"BreadcrumbList","@id":"https:\/\/www.cleanculinair.nl\/product\/mop-wagen-rood-25l\/#breadcrumb","itemListElement":[{"@type":"ListItem","position":1,"name":"Home","item":"https:\/\/www.cleanculinair.nl\/"},{"@type":"ListItem","position":2,"name":"Producten","item":"https:\/\/www.cleanculinair.nl\/shop\/"},{"@type":"ListItem","position":3,"name":"Mop wagen Rood 25L"}]},{"@type":"WebSite","@id":"https:\/\/www.cleanculinair.nl\/#website","url":"https:\/\/www.cleanculinair.nl\/","name":"CleanCulinair","description":"","publisher":{"@id":"https:\/\/www.cleanculinair.nl\/#organization"},"potentialAction":[{"@type":"SearchAction","target":{"@type":"EntryPoint","urlTemplate":"https:\/\/www.cleanculinair.nl\/?s={search_term_string}"},"query-input":{"@type":"PropertyValueSpecification","valueRequired":true,"valueName":"search_term_string"}}],"inLanguage":"en-US"},{"@type":"Organization","@id":"https:\/\/www.cleanculinair.nl\/#organization","name":"CleanCulinair","url":"https:\/\/www.cleanculinair.nl\/","logo":{"@type":"ImageObject","inLanguage":"en-US","@id":"https:\/\/www.cleanculinair.nl\/#\/schema\/logo\/image\/","url":"https:\/\/www.cleanculinair.nl\/wp-content\/uploads\/2025\/08\/cropped-ChatGPT-Image-25-aug-2025-11_28_10.png","contentUrl":"https:\/\/www.cleanculinair.nl\/wp-content\/uploads\/2025\/08\/cropped-ChatGPT-Image-25-aug-2025-11_28_10.png","width":512,"height":512,"caption":"CleanCulinair"},"image":{"@id":"https:\/\/www.cleanculinair.nl\/#\/schema\/logo\/image\/"}}]}},"jetpack_publicize_connections":[],"jetpack_sharing_enabled":true,"jetpack_likes_enabled":true,"_links":{"self":[{"href":"https:\/\/www.cleanculinair.nl\/en\/wp-json\/wp\/v2\/product\/32716","targetHints":{"allow":["GET"]}}],"collection":[{"href":"https:\/\/www.cleanculinair.nl\/en\/wp-json\/wp\/v2\/product"}],"about":[{"href":"https:\/\/www.cleanculinair.nl\/en\/wp-json\/wp\/v2\/types\/product"}],"replies":[{"embeddable":true,"href":"https:\/\/www.cleanculinair.nl\/en\/wp-json\/wp\/v2\/comments?post=32716"}],"version-history":[{"count":3,"href":"https:\/\/www.cleanculinair.nl\/en\/wp-json\/wp\/v2\/product\/32716\/revisions"}],"predecessor-version":[{"id":33361,"href":"https:\/\/www.cleanculinair.nl\/en\/wp-json\/wp\/v2\/product\/32716\/revisions\/33361"}],"wp:featuredmedia":[{"embeddable":true,"href":"https:\/\/www.cleanculinair.nl\/en\/wp-json\/wp\/v2\/media\/32720"}],"wp:attachment":[{"href":"https:\/\/www.cleanculinair.nl\/en\/wp-json\/wp\/v2\/media?parent=32716"}],"wp:term":[{"taxonomy":"product_brand","embeddable":true,"href":"https:\/\/www.cleanculinair.nl\/en\/wp-json\/wp\/v2\/product_brand?post=32716"},{"taxonomy":"product_cat","embeddable":true,"href":"https:\/\/www.cleanculinair.nl\/en\/wp-json\/wp\/v2\/product_cat?post=32716"},{"taxonomy":"product_tag","embeddable":true,"href":"https:\/\/www.cleanculinair.nl\/en\/wp-json\/wp\/v2\/product_tag?post=32716"}],"curies":[{"name":"wp","href":"https:\/\/api.w.org\/{rel}","templated":true}]}}